
{"id":932,"date":"2018-01-19T08:28:51","date_gmt":"2018-01-19T07:28:51","guid":{"rendered":"http:\/\/thebridge.test\/projekty\/"},"modified":"2018-08-15T12:43:19","modified_gmt":"2018-08-15T10:43:19","slug":"projekty","status":"publish","type":"page","link":"https:\/\/thebridge.sk\/en\/projekty\/","title":{"rendered":"Projects"},"content":{"rendered":"<p>[vc_row el_class=&#8221;no-btn&#8221;][vc_column el_class=&#8221;about-banner&#8221;][bridge_banner image=&#8221;167&#8243;]<\/p>\n<h1><strong><span class=\"curve\">Find out<\/span><\/strong><br \/>\nmore about the Bridge<\/h1>\n<p>[\/bridge_banner][\/vc_column][\/vc_row][vc_row el_class=&#8221;counter-wrap1&#8243;][vc_column width=&#8221;1\/6&#8243;][\/vc_column][vc_column width=&#8221;1\/6&#8243; el_class=&#8221;second-menu&#8221;][vc_column_text]<a href=\"\/en\/o-nas\/\">About us<\/a>[\/vc_column_text][\/vc_column][vc_column width=&#8221;1\/6&#8243; el_class=&#8221;second-menu&#8221;][vc_column_text]<a href=\"\/en\/nasi-lektori\/\">Our teachers<\/a>[\/vc_column_text][\/vc_column][vc_column width=&#8221;1\/6&#8243; el_class=&#8221;second-menu&#8221;][vc_column_text]<a class=\"active\" href=\"\/en\/projekty\/\">Our projects<\/a>[\/vc_column_text][\/vc_column][vc_column width=&#8221;1\/6&#8243; el_class=&#8221;second-menu&#8221;][vc_column_text]<\/p>\n<p><a href=\"\/en\/referencie\/\">Testimonials &amp; partners<\/a><\/p>\n<p>[\/vc_column_text][\/vc_column][\/vc_row][vc_row el_class=&#8221;section-heading&#8221;][vc_column][vc_column_text]<\/p>\n<h2 style=\"text-align: center;\">Our&nbsp;<strong class=\"curve curve-orange\">projects<\/strong><\/h2>\n<p style=\"text-align: center;\">As a language centre, we do not only engage in teaching English,<br \/>\nbut also in teacher training, English theatre and various events<br \/>\nfor the public with a focus on learning the English language.<\/p>\n<p>[\/vc_column_text][\/vc_column][\/vc_row][vc_row el_class=&#8221;project_container&#8221;][vc_column width=&#8221;1\/6&#8243;][\/vc_column][vc_column width=&#8221;2\/3&#8243;][vc_row_inner][vc_column_inner width=&#8221;1\/3&#8243;][vc_column_text]<\/p>\n<div class=\"project_info\">\n<h2><img decoding=\"async\" width=\"460\" height=\"140\" class=\"alignnone size-full wp-image-1786\" alt=\"\" src=\"http:\/\/thebridge.test\/wp-content\/uploads\/2018\/04\/projekt-1.png\" srcset=\"https:\/\/thebridge.sk\/wp-content\/uploads\/2018\/04\/projekt-1.png 460w, https:\/\/thebridge.sk\/wp-content\/uploads\/2018\/04\/projekt-1-300x91.png 300w\" sizes=\"(max-width: 460px) 100vw, 460px\" \/>Profesia Days<\/h2>\n<p>We have been a professional partner in this language teaching area since 2011. In 2015 we got a business partner award, for continually providing high quality of educational services.<\/p>\n<\/div>\n<p>[\/vc_column_text][\/vc_column_inner][vc_column_inner width=&#8221;1\/3&#8243;][vc_column_text]<\/p>\n<div class=\"project_info\">\n<h2><img decoding=\"async\" width=\"460\" height=\"140\" class=\"alignnone size-full wp-image-1785\" alt=\"\" src=\"http:\/\/thebridge.test\/wp-content\/uploads\/2018\/04\/projekt-2.png\" srcset=\"https:\/\/thebridge.sk\/wp-content\/uploads\/2018\/04\/projekt-2.png 460w, https:\/\/thebridge.sk\/wp-content\/uploads\/2018\/04\/projekt-2-300x91.png 300w\" sizes=\"(max-width: 460px) 100vw, 460px\" \/><\/h2>\n<h2>Bridge\u00b4n\u00b4drama<\/h2>\n<p>Our theatre project Bridgin&#8217;Drama connects language training and culture. Our ensemble organizes performances for general public, as well as special performances for schools. In cooperation with the Old town of Bratislava, we are also a part of the city summer programme.<\/p>\n<\/div>\n<p>[\/vc_column_text][\/vc_column_inner][vc_column_inner width=&#8221;1\/3&#8243;][vc_column_text]<\/p>\n<div class=\"project_info\">\n<h2><img decoding=\"async\" width=\"460\" height=\"140\" class=\"alignnone size-full wp-image-1788\" alt=\"\" src=\"http:\/\/thebridge.test\/wp-content\/uploads\/2018\/04\/projekt-3.png\" srcset=\"https:\/\/thebridge.sk\/wp-content\/uploads\/2018\/04\/projekt-3.png 460w, https:\/\/thebridge.sk\/wp-content\/uploads\/2018\/04\/projekt-3-300x91.png 300w\" sizes=\"(max-width: 460px) 100vw, 460px\" \/>English for seniors (60+)<\/h2>\n<p>At the Bridge we have been engaged in the education of seniors since 2011. Annually, more than 60 seniors attend our courses. They study English for various reasons and in different levels.<\/p>\n<\/div>\n<p>[\/vc_column_text][\/vc_column_inner][\/vc_row_inner][\/vc_column][vc_column width=&#8221;1\/6&#8243;][\/vc_column][\/vc_row][vc_row][vc_column el_class=&#8221;about_us_banner&#8221;][bridge_banner3 btn_primary_link=&#8221;\/en\/kurzy-pre-firmy&#8221; btn_primary_text=&#8221;Courses for comapnies&#8221; btn_secondary_link=&#8221;\/en\/kurzy\/&#8221; btn_secondary_text=&#8221;Public courses&#8221; image=&#8221;216&#8243;]<\/p>\n<div class=\"courses-banner-wrapper\">\u0160irok\u00e1 ponuka kurzov<br \/>\n<strong><span class=\"curve\"> odbornej a aj v\u0161eobecnej<\/span><\/strong><br \/>\nangli\u010dtiny s r\u00f4znym zameran\u00edm<br \/>\na v r\u00f4znej intenzite<\/div>\n<p>[\/bridge_banner3][\/vc_column][\/vc_row]<\/p>\n","protected":false},"excerpt":{"rendered":"<p>[vc_row el_class=&#8221;no-btn&#8221;][vc_column el_class=&#8221;about-banner&#8221;][bridge_banner image=&#8221;167&#8243;] Find out more about the Bridge [\/bridge_banner][\/vc_column][\/vc_row][vc_row el_class=&#8221;counter-wrap1&#8243;][vc_column width=&#8221;1\/6&#8243;][\/vc_column][vc_column width=&#8221;1\/6&#8243; el_class=&#8221;second-menu&#8221;][vc_column_text]About us[\/vc_column_text][\/vc_column][vc_column width=&#8221;1\/6&#8243; el_class=&#8221;second-menu&#8221;][vc_column_text]Our teachers[\/vc_column_text][\/vc_column][vc_column width=&#8221;1\/6&#8243; el_class=&#8221;second-menu&#8221;][vc_column_text]Our projects[\/vc_column_text][\/vc_column][vc_column width=&#8221;1\/6&#8243; el_class=&#8221;second-menu&#8221;][vc_column_text] Testimonials &amp; partners [\/vc_column_text][\/vc_column][\/vc_row][vc_row el_class=&#8221;section-heading&#8221;][vc_column][vc_column_text] Our&nbsp;projects As a language centre, we do not only engage in teaching English, but also in teacher training, English theatre and various events for the public &hellip; <a href=\"https:\/\/thebridge.sk\/en\/projekty\/\">Continued<\/a><\/p>\n","protected":false},"author":8,"featured_media":0,"parent":0,"menu_order":0,"comment_status":"closed","ping_status":"closed","template":"","meta":{"_acf_changed":false,"inline_featured_image":false,"footnotes":""},"class_list":["post-932","page","type-page","status-publish","hentry"],"acf":[],"yoast_head":"<!-- This site is optimized with the Yoast SEO plugin v27.2 - https:\/\/yoast.com\/product\/yoast-seo-wordpress\/ -->\n<title>Projects - The Bridge<\/title>\n<meta name=\"robots\" content=\"index, follow, max-snippet:-1, max-image-preview:large, max-video-preview:-1\" \/>\n<link rel=\"canonical\" href=\"https:\/\/thebridge.sk\/en\/projekty\/\" \/>\n<meta property=\"og:locale\" content=\"en_US\" \/>\n<meta property=\"og:type\" content=\"article\" \/>\n<meta property=\"og:title\" content=\"Projects - The Bridge\" \/>\n<meta property=\"og:description\" content=\"[vc_row el_class=&#8221;no-btn&#8221;][vc_column el_class=&#8221;about-banner&#8221;][bridge_banner image=&#8221;167&#8243;] Find out more about the Bridge [\/bridge_banner][\/vc_column][\/vc_row][vc_row el_class=&#8221;counter-wrap1&#8243;][vc_column width=&#8221;1\/6&#8243;][\/vc_column][vc_column width=&#8221;1\/6&#8243; el_class=&#8221;second-menu&#8221;][vc_column_text]About us[\/vc_column_text][\/vc_column][vc_column width=&#8221;1\/6&#8243; el_class=&#8221;second-menu&#8221;][vc_column_text]Our teachers[\/vc_column_text][\/vc_column][vc_column width=&#8221;1\/6&#8243; el_class=&#8221;second-menu&#8221;][vc_column_text]Our projects[\/vc_column_text][\/vc_column][vc_column width=&#8221;1\/6&#8243; el_class=&#8221;second-menu&#8221;][vc_column_text] Testimonials &amp; partners [\/vc_column_text][\/vc_column][\/vc_row][vc_row el_class=&#8221;section-heading&#8221;][vc_column][vc_column_text] Our&nbsp;projects As a language centre, we do not only engage in teaching English, but also in teacher training, English theatre and various events for the public &hellip; Continued\" \/>\n<meta property=\"og:url\" content=\"https:\/\/thebridge.sk\/en\/projekty\/\" \/>\n<meta property=\"og:site_name\" content=\"The Bridge\" \/>\n<meta property=\"article:modified_time\" content=\"2018-08-15T10:43:19+00:00\" \/>\n<meta property=\"og:image\" content=\"https:\/\/thebridge.sk\/wp-content\/uploads\/2018\/04\/projekt-1.png\" \/>\n\t<meta property=\"og:image:width\" content=\"460\" \/>\n\t<meta property=\"og:image:height\" content=\"140\" \/>\n\t<meta property=\"og:image:type\" content=\"image\/png\" \/>\n<meta name=\"twitter:card\" content=\"summary_large_image\" \/>\n<meta name=\"twitter:label1\" content=\"Est. reading time\" \/>\n\t<meta name=\"twitter:data1\" content=\"2 minutes\" \/>\n<script type=\"application\/ld+json\" class=\"yoast-schema-graph\">{\"@context\":\"https:\/\/schema.org\",\"@graph\":[{\"@type\":\"WebPage\",\"@id\":\"https:\/\/thebridge.sk\/en\/projekty\/\",\"url\":\"https:\/\/thebridge.sk\/en\/projekty\/\",\"name\":\"Projects - The Bridge\",\"isPartOf\":{\"@id\":\"https:\/\/thebridge.sk\/#website\"},\"primaryImageOfPage\":{\"@id\":\"https:\/\/thebridge.sk\/en\/projekty\/#primaryimage\"},\"image\":{\"@id\":\"https:\/\/thebridge.sk\/en\/projekty\/#primaryimage\"},\"thumbnailUrl\":\"http:\/\/thebridge.test\/wp-content\/uploads\/2018\/04\/projekt-1.png\",\"datePublished\":\"2018-01-19T07:28:51+00:00\",\"dateModified\":\"2018-08-15T10:43:19+00:00\",\"breadcrumb\":{\"@id\":\"https:\/\/thebridge.sk\/en\/projekty\/#breadcrumb\"},\"inLanguage\":\"en-US\",\"potentialAction\":[{\"@type\":\"ReadAction\",\"target\":[\"https:\/\/thebridge.sk\/en\/projekty\/\"]}]},{\"@type\":\"ImageObject\",\"inLanguage\":\"en-US\",\"@id\":\"https:\/\/thebridge.sk\/en\/projekty\/#primaryimage\",\"url\":\"http:\/\/thebridge.test\/wp-content\/uploads\/2018\/04\/projekt-1.png\",\"contentUrl\":\"http:\/\/thebridge.test\/wp-content\/uploads\/2018\/04\/projekt-1.png\"},{\"@type\":\"BreadcrumbList\",\"@id\":\"https:\/\/thebridge.sk\/en\/projekty\/#breadcrumb\",\"itemListElement\":[{\"@type\":\"ListItem\",\"position\":1,\"name\":\"The Bridge\",\"item\":\"https:\/\/thebridge.sk\/en\/\"},{\"@type\":\"ListItem\",\"position\":2,\"name\":\"Projects\"}]},{\"@type\":\"WebSite\",\"@id\":\"https:\/\/thebridge.sk\/#website\",\"url\":\"https:\/\/thebridge.sk\/\",\"name\":\"The Bridge\",\"description\":\"\",\"publisher\":{\"@id\":\"https:\/\/thebridge.sk\/#organization\"},\"potentialAction\":[{\"@type\":\"SearchAction\",\"target\":{\"@type\":\"EntryPoint\",\"urlTemplate\":\"https:\/\/thebridge.sk\/?s={search_term_string}\"},\"query-input\":{\"@type\":\"PropertyValueSpecification\",\"valueRequired\":true,\"valueName\":\"search_term_string\"}}],\"inLanguage\":\"en-US\"},{\"@type\":\"Organization\",\"@id\":\"https:\/\/thebridge.sk\/#organization\",\"name\":\"the Bridge\",\"url\":\"https:\/\/thebridge.sk\/\",\"logo\":{\"@type\":\"ImageObject\",\"inLanguage\":\"en-US\",\"@id\":\"https:\/\/thebridge.sk\/#\/schema\/logo\/image\/\",\"url\":\"https:\/\/thebridge.sk\/wp-content\/uploads\/2022\/09\/91983323_3231649653512263_3585232510205820928_n.png\",\"contentUrl\":\"https:\/\/thebridge.sk\/wp-content\/uploads\/2022\/09\/91983323_3231649653512263_3585232510205820928_n.png\",\"width\":800,\"height\":800,\"caption\":\"the Bridge\"},\"image\":{\"@id\":\"https:\/\/thebridge.sk\/#\/schema\/logo\/image\/\"}}]}<\/script>\n<!-- \/ Yoast SEO plugin. -->","yoast_head_json":{"title":"Projects - The Bridge","robots":{"index":"index","follow":"follow","max-snippet":"max-snippet:-1","max-image-preview":"max-image-preview:large","max-video-preview":"max-video-preview:-1"},"canonical":"https:\/\/thebridge.sk\/en\/projekty\/","og_locale":"en_US","og_type":"article","og_title":"Projects - The Bridge","og_description":"[vc_row el_class=&#8221;no-btn&#8221;][vc_column el_class=&#8221;about-banner&#8221;][bridge_banner image=&#8221;167&#8243;] Find out more about the Bridge [\/bridge_banner][\/vc_column][\/vc_row][vc_row el_class=&#8221;counter-wrap1&#8243;][vc_column width=&#8221;1\/6&#8243;][\/vc_column][vc_column width=&#8221;1\/6&#8243; el_class=&#8221;second-menu&#8221;][vc_column_text]About us[\/vc_column_text][\/vc_column][vc_column width=&#8221;1\/6&#8243; el_class=&#8221;second-menu&#8221;][vc_column_text]Our teachers[\/vc_column_text][\/vc_column][vc_column width=&#8221;1\/6&#8243; el_class=&#8221;second-menu&#8221;][vc_column_text]Our projects[\/vc_column_text][\/vc_column][vc_column width=&#8221;1\/6&#8243; el_class=&#8221;second-menu&#8221;][vc_column_text] Testimonials &amp; partners [\/vc_column_text][\/vc_column][\/vc_row][vc_row el_class=&#8221;section-heading&#8221;][vc_column][vc_column_text] Our&nbsp;projects As a language centre, we do not only engage in teaching English, but also in teacher training, English theatre and various events for the public &hellip; Continued","og_url":"https:\/\/thebridge.sk\/en\/projekty\/","og_site_name":"The Bridge","article_modified_time":"2018-08-15T10:43:19+00:00","og_image":[{"width":460,"height":140,"url":"https:\/\/thebridge.sk\/wp-content\/uploads\/2018\/04\/projekt-1.png","type":"image\/png"}],"twitter_card":"summary_large_image","twitter_misc":{"Est. reading time":"2 minutes"},"schema":{"@context":"https:\/\/schema.org","@graph":[{"@type":"WebPage","@id":"https:\/\/thebridge.sk\/en\/projekty\/","url":"https:\/\/thebridge.sk\/en\/projekty\/","name":"Projects - The Bridge","isPartOf":{"@id":"https:\/\/thebridge.sk\/#website"},"primaryImageOfPage":{"@id":"https:\/\/thebridge.sk\/en\/projekty\/#primaryimage"},"image":{"@id":"https:\/\/thebridge.sk\/en\/projekty\/#primaryimage"},"thumbnailUrl":"http:\/\/thebridge.test\/wp-content\/uploads\/2018\/04\/projekt-1.png","datePublished":"2018-01-19T07:28:51+00:00","dateModified":"2018-08-15T10:43:19+00:00","breadcrumb":{"@id":"https:\/\/thebridge.sk\/en\/projekty\/#breadcrumb"},"inLanguage":"en-US","potentialAction":[{"@type":"ReadAction","target":["https:\/\/thebridge.sk\/en\/projekty\/"]}]},{"@type":"ImageObject","inLanguage":"en-US","@id":"https:\/\/thebridge.sk\/en\/projekty\/#primaryimage","url":"http:\/\/thebridge.test\/wp-content\/uploads\/2018\/04\/projekt-1.png","contentUrl":"http:\/\/thebridge.test\/wp-content\/uploads\/2018\/04\/projekt-1.png"},{"@type":"BreadcrumbList","@id":"https:\/\/thebridge.sk\/en\/projekty\/#breadcrumb","itemListElement":[{"@type":"ListItem","position":1,"name":"The Bridge","item":"https:\/\/thebridge.sk\/en\/"},{"@type":"ListItem","position":2,"name":"Projects"}]},{"@type":"WebSite","@id":"https:\/\/thebridge.sk\/#website","url":"https:\/\/thebridge.sk\/","name":"The Bridge","description":"","publisher":{"@id":"https:\/\/thebridge.sk\/#organization"},"potentialAction":[{"@type":"SearchAction","target":{"@type":"EntryPoint","urlTemplate":"https:\/\/thebridge.sk\/?s={search_term_string}"},"query-input":{"@type":"PropertyValueSpecification","valueRequired":true,"valueName":"search_term_string"}}],"inLanguage":"en-US"},{"@type":"Organization","@id":"https:\/\/thebridge.sk\/#organization","name":"the Bridge","url":"https:\/\/thebridge.sk\/","logo":{"@type":"ImageObject","inLanguage":"en-US","@id":"https:\/\/thebridge.sk\/#\/schema\/logo\/image\/","url":"https:\/\/thebridge.sk\/wp-content\/uploads\/2022\/09\/91983323_3231649653512263_3585232510205820928_n.png","contentUrl":"https:\/\/thebridge.sk\/wp-content\/uploads\/2022\/09\/91983323_3231649653512263_3585232510205820928_n.png","width":800,"height":800,"caption":"the Bridge"},"image":{"@id":"https:\/\/thebridge.sk\/#\/schema\/logo\/image\/"}}]}},"_links":{"self":[{"href":"https:\/\/thebridge.sk\/en\/wp-json\/wp\/v2\/pages\/932","targetHints":{"allow":["GET"]}}],"collection":[{"href":"https:\/\/thebridge.sk\/en\/wp-json\/wp\/v2\/pages"}],"about":[{"href":"https:\/\/thebridge.sk\/en\/wp-json\/wp\/v2\/types\/page"}],"author":[{"embeddable":true,"href":"https:\/\/thebridge.sk\/en\/wp-json\/wp\/v2\/users\/8"}],"replies":[{"embeddable":true,"href":"https:\/\/thebridge.sk\/en\/wp-json\/wp\/v2\/comments?post=932"}],"version-history":[{"count":0,"href":"https:\/\/thebridge.sk\/en\/wp-json\/wp\/v2\/pages\/932\/revisions"}],"wp:attachment":[{"href":"https:\/\/thebridge.sk\/en\/wp-json\/wp\/v2\/media?parent=932"}],"curies":[{"name":"wp","href":"https:\/\/api.w.org\/{rel}","templated":true}]}}