
{"id":6891,"date":"2018-04-23T15:58:56","date_gmt":"2018-04-23T13:58:56","guid":{"rendered":"http:\/\/thebridge.test\/konzultacie-pre-firmy\/"},"modified":"2018-08-15T12:25:32","modified_gmt":"2018-08-15T10:25:32","slug":"consultations-for-companies","status":"publish","type":"page","link":"https:\/\/thebridge.sk\/en\/consultations-for-companies\/","title":{"rendered":"Consultations for companies"},"content":{"rendered":"<p>[vc_row][vc_column][bridge_banner image=&#8221;6370&#8243;]<\/p>\n<h1><strong><span class=\"curve\">Consultations<\/span><\/strong><br \/>\nfor companies<\/h1>\n<p>[\/bridge_banner][\/vc_column][\/vc_row][vc_column][\/vc_column][vc_row el_class=&#8221;more_contact_wrap&#8221;][vc_column width=&#8221;1\/6&#8243;][\/vc_column][vc_column width=&#8221;2\/3&#8243;][vc_empty_space][vc_column_text]<\/p>\n<p class=\"Standard\"><span lang=\"EN-GB\">The Bridge English language centre&nbsp;<\/span><b><span lang=\"EN-GB\">specializes in English language courses<\/span><\/b><span lang=\"EN-GB\">. Specializing allows us to focus more on ongoing training and professional development for teachers, maintaining a quality library and the provision of quality English lessons.<\/span><\/p>\n<p class=\"Standard\"><span lang=\"EN-GB\">Mgr. Klaudia Bedn\u00e1rov\u00e1, Director, explains that the The Bridge English Language Centre stands for: &#8211; experienced teachers and high quality education &#8211; satisfied and successful clients \u2013 a wide range of general and specialized English courses &#8211; interesting, dynamic and student-centred lessons &#8211; modern learning options drawing from &nbsp;a wide range of sources.<\/span><\/p>\n<p class=\"Standard\"><span lang=\"EN-GB\">&nbsp;Learning another l<\/span><span lang=\"EN-GB\">anguage&nbsp; can be a benefit in itself as well as a wise <\/span><b><span lang=\"EN-GB\">business investment. <\/span><\/b><span lang=\"EN-GB\">We see it as our responsibility to enable our clients to find <\/span><span lang=\"EN-GB\">opportunities <\/span><span lang=\"EN-GB\">for growth and development during <\/span><span lang=\"EN-GB\">our courses.<\/span><\/p>\n<p class=\"Standard\"><span lang=\"EN-GB\">We achieve our results through the right set-up of courses, quality training, and last but not least, effective collaboration with individual clients. <b>We understand there are no miraculous shortcuts to success. <\/b><\/span><span lang=\"EN-GB\">The basis for achieving results is a full understanding of the needs of our students.<\/span><\/p>\n<p class=\"Standard\"><span lang=\"EN-GB\">If you are <\/span><b><span lang=\"EN-GB\">interested in having a free consultation <\/span><\/b><span lang=\"EN-GB\">to set up your language courses, or if you find your staff have not been making significant progress with your current language courses<b>, we will be happy to advise you on alternative options.<\/b><\/span><\/p>\n<p class=\"Standard\"><span lang=\"EN-GB\">A <\/span><span lang=\"EN-GB\">standard of consultation involves the following:<\/span><\/p>\n<p><span lang=\"EN-GB\">&#8211; needs analysis of the company<\/span><\/p>\n<p><span lang=\"EN-GB\">&#8211; students&#8217; language assessment &nbsp;<\/span><\/p>\n<p><span lang=\"EN-GB\">&#8211; evaluating efficiency of group vs individual hours<\/span><\/p>\n<p><span lang=\"EN-GB\">&#8211; setting goals<\/span><\/p>\n<p><span lang=\"EN-GB\">&#8211; an introductory sample lesson if interested<\/span><\/p>\n<p class=\"Standard\"><span lang=\"EN-GB\">The overall <\/span><span lang=\"EN-GB\">content of the consultation is tailored to your needs and demands.<\/span><\/p>\n<p class=\"Standard\"><span lang=\"EN-GB\">What students have said about the public courses in the Bridge Centre, 20 October 2017:<\/span><\/p>\n<p><img decoding=\"async\" width=\"945\" height=\"680\" class=\"alignnone size-full wp-image-6560 img-responsive\" alt=\"\" src=\"http:\/\/thebridge.test\/wp-content\/uploads\/2018\/04\/Picture2.png\" srcset=\"https:\/\/thebridge.sk\/wp-content\/uploads\/2018\/04\/Picture2.png 945w, https:\/\/thebridge.sk\/wp-content\/uploads\/2018\/04\/Picture2-300x216.png 300w, https:\/\/thebridge.sk\/wp-content\/uploads\/2018\/04\/Picture2-768x553.png 768w, https:\/\/thebridge.sk\/wp-content\/uploads\/2018\/04\/Picture2-600x432.png 600w\" sizes=\"(max-width: 945px) 100vw, 945px\" \/><\/p>\n<p class=\"Standard\"><span lang=\"EN-GB\">The Bridge offers a wide variety of courses. The Bridge helped me to choose the right course Signing up for course is easy. After signing up I got information about the first lesson. After entering the centre I was helped by the staff. I feel nice in the language centre. The content and running of the course meets my expectations. I am satisfied with the teacher leading the course. I feel motivated and I am looking forward to the next lesson<\/span><\/p>\n<p class=\"Standard\"><span lang=\"EN-GB\">If interested in Business English, contact the Business Client Manager:<\/span><\/p>\n<p>[\/vc_column_text][vc_row_inner el_class=&#8221;conusltation_contact&#8221;][vc_column_inner width=&#8221;1\/2&#8243;][vc_column_text]<\/p>\n<div class=\"col-md-24\"><img decoding=\"async\" width=\"478\" height=\"505\" class=\"alignnone wp-image-1781 size-full\" alt=\"\" src=\"http:\/\/thebridge.test\/wp-content\/uploads\/2018\/04\/kontakt-klaudia.png\" srcset=\"https:\/\/thebridge.sk\/wp-content\/uploads\/2018\/04\/kontakt-klaudia.png 478w, https:\/\/thebridge.sk\/wp-content\/uploads\/2018\/04\/kontakt-klaudia-284x300.png 284w\" sizes=\"(max-width: 478px) 100vw, 478px\" \/><\/div>\n<h1 class=\"name\">Mgr. Klaudia&nbsp;<strong>Bedn\u00e1rov\u00e1<\/strong><\/h1>\n<p><a class=\"btn custom_btn\" href=\"\/en\/lectors\/klaudia-bednarova\/\">More about teacher<\/a>[\/vc_column_text][\/vc_column_inner][\/vc_row_inner][\/vc_column][vc_column width=&#8221;1\/6&#8243;][\/vc_column][\/vc_row][vc_column][\/vc_column][vc_row el_class=&#8221;consultation_form_wrapper&#8221;][vc_column width=&#8221;1\/6&#8243;][\/vc_column][vc_column width=&#8221;2\/3&#8243;][vc_column_text][contact-form-7 id=&#8221;7367&#8243; title=&#8221;Formul\u00e1r konzult\u00e1ci\u00ed firmy_EN&#8221;][\/vc_column_text][\/vc_column][vc_column width=&#8221;1\/6&#8243;][\/vc_column][\/vc_row]<\/p>\n","protected":false},"excerpt":{"rendered":"<p>[vc_row][vc_column][bridge_banner image=&#8221;6370&#8243;] Consultations for companies [\/bridge_banner][\/vc_column][\/vc_row][vc_column][\/vc_column][vc_row el_class=&#8221;more_contact_wrap&#8221;][vc_column width=&#8221;1\/6&#8243;][\/vc_column][vc_column width=&#8221;2\/3&#8243;][vc_empty_space][vc_column_text] The Bridge English language centre&nbsp;specializes in English language courses. Specializing allows us to focus more on ongoing training and professional development for teachers, maintaining a quality library and the provision of quality English lessons. Mgr. Klaudia Bedn\u00e1rov\u00e1, Director, explains that the The Bridge English Language Centre &hellip; <a href=\"https:\/\/thebridge.sk\/en\/consultations-for-companies\/\">Continued<\/a><\/p>\n","protected":false},"author":8,"featured_media":0,"parent":0,"menu_order":0,"comment_status":"closed","ping_status":"closed","template":"","meta":{"_acf_changed":false,"inline_featured_image":false,"footnotes":""},"class_list":["post-6891","page","type-page","status-publish","hentry"],"acf":[],"yoast_head":"<!-- This site is optimized with the Yoast SEO plugin v27.2 - https:\/\/yoast.com\/product\/yoast-seo-wordpress\/ -->\n<title>Consultations for companies - The Bridge<\/title>\n<meta name=\"robots\" content=\"index, follow, max-snippet:-1, max-image-preview:large, max-video-preview:-1\" \/>\n<link rel=\"canonical\" href=\"https:\/\/thebridge.sk\/en\/consultations-for-companies\/\" \/>\n<meta property=\"og:locale\" content=\"en_US\" \/>\n<meta property=\"og:type\" content=\"article\" \/>\n<meta property=\"og:title\" content=\"Consultations for companies - The Bridge\" \/>\n<meta property=\"og:description\" content=\"[vc_row][vc_column][bridge_banner image=&#8221;6370&#8243;] Consultations for companies [\/bridge_banner][\/vc_column][\/vc_row][vc_column][\/vc_column][vc_row el_class=&#8221;more_contact_wrap&#8221;][vc_column width=&#8221;1\/6&#8243;][\/vc_column][vc_column width=&#8221;2\/3&#8243;][vc_empty_space][vc_column_text] The Bridge English language centre&nbsp;specializes in English language courses. Specializing allows us to focus more on ongoing training and professional development for teachers, maintaining a quality library and the provision of quality English lessons. Mgr. Klaudia Bedn\u00e1rov\u00e1, Director, explains that the The Bridge English Language Centre &hellip; Continued\" \/>\n<meta property=\"og:url\" content=\"https:\/\/thebridge.sk\/en\/consultations-for-companies\/\" \/>\n<meta property=\"og:site_name\" content=\"The Bridge\" \/>\n<meta property=\"article:modified_time\" content=\"2018-08-15T10:25:32+00:00\" \/>\n<meta property=\"og:image\" content=\"http:\/\/thebridge.test\/wp-content\/uploads\/2018\/04\/Picture2.png\" \/>\n<meta name=\"twitter:card\" content=\"summary_large_image\" \/>\n<meta name=\"twitter:label1\" content=\"Est. reading time\" \/>\n\t<meta name=\"twitter:data1\" content=\"2 minutes\" \/>\n<script type=\"application\/ld+json\" class=\"yoast-schema-graph\">{\"@context\":\"https:\/\/schema.org\",\"@graph\":[{\"@type\":\"WebPage\",\"@id\":\"https:\/\/thebridge.sk\/en\/consultations-for-companies\/\",\"url\":\"https:\/\/thebridge.sk\/en\/consultations-for-companies\/\",\"name\":\"Consultations for companies - The Bridge\",\"isPartOf\":{\"@id\":\"https:\/\/thebridge.sk\/#website\"},\"primaryImageOfPage\":{\"@id\":\"https:\/\/thebridge.sk\/en\/consultations-for-companies\/#primaryimage\"},\"image\":{\"@id\":\"https:\/\/thebridge.sk\/en\/consultations-for-companies\/#primaryimage\"},\"thumbnailUrl\":\"http:\/\/thebridge.test\/wp-content\/uploads\/2018\/04\/Picture2.png\",\"datePublished\":\"2018-04-23T13:58:56+00:00\",\"dateModified\":\"2018-08-15T10:25:32+00:00\",\"breadcrumb\":{\"@id\":\"https:\/\/thebridge.sk\/en\/consultations-for-companies\/#breadcrumb\"},\"inLanguage\":\"en-US\",\"potentialAction\":[{\"@type\":\"ReadAction\",\"target\":[\"https:\/\/thebridge.sk\/en\/consultations-for-companies\/\"]}]},{\"@type\":\"ImageObject\",\"inLanguage\":\"en-US\",\"@id\":\"https:\/\/thebridge.sk\/en\/consultations-for-companies\/#primaryimage\",\"url\":\"http:\/\/thebridge.test\/wp-content\/uploads\/2018\/04\/Picture2.png\",\"contentUrl\":\"http:\/\/thebridge.test\/wp-content\/uploads\/2018\/04\/Picture2.png\"},{\"@type\":\"BreadcrumbList\",\"@id\":\"https:\/\/thebridge.sk\/en\/consultations-for-companies\/#breadcrumb\",\"itemListElement\":[{\"@type\":\"ListItem\",\"position\":1,\"name\":\"The Bridge\",\"item\":\"https:\/\/thebridge.sk\/en\/\"},{\"@type\":\"ListItem\",\"position\":2,\"name\":\"Consultations for companies\"}]},{\"@type\":\"WebSite\",\"@id\":\"https:\/\/thebridge.sk\/#website\",\"url\":\"https:\/\/thebridge.sk\/\",\"name\":\"The Bridge\",\"description\":\"\",\"publisher\":{\"@id\":\"https:\/\/thebridge.sk\/#organization\"},\"potentialAction\":[{\"@type\":\"SearchAction\",\"target\":{\"@type\":\"EntryPoint\",\"urlTemplate\":\"https:\/\/thebridge.sk\/?s={search_term_string}\"},\"query-input\":{\"@type\":\"PropertyValueSpecification\",\"valueRequired\":true,\"valueName\":\"search_term_string\"}}],\"inLanguage\":\"en-US\"},{\"@type\":\"Organization\",\"@id\":\"https:\/\/thebridge.sk\/#organization\",\"name\":\"the Bridge\",\"url\":\"https:\/\/thebridge.sk\/\",\"logo\":{\"@type\":\"ImageObject\",\"inLanguage\":\"en-US\",\"@id\":\"https:\/\/thebridge.sk\/#\/schema\/logo\/image\/\",\"url\":\"https:\/\/thebridge.sk\/wp-content\/uploads\/2022\/09\/91983323_3231649653512263_3585232510205820928_n.png\",\"contentUrl\":\"https:\/\/thebridge.sk\/wp-content\/uploads\/2022\/09\/91983323_3231649653512263_3585232510205820928_n.png\",\"width\":800,\"height\":800,\"caption\":\"the Bridge\"},\"image\":{\"@id\":\"https:\/\/thebridge.sk\/#\/schema\/logo\/image\/\"}}]}<\/script>\n<!-- \/ Yoast SEO plugin. -->","yoast_head_json":{"title":"Consultations for companies - The Bridge","robots":{"index":"index","follow":"follow","max-snippet":"max-snippet:-1","max-image-preview":"max-image-preview:large","max-video-preview":"max-video-preview:-1"},"canonical":"https:\/\/thebridge.sk\/en\/consultations-for-companies\/","og_locale":"en_US","og_type":"article","og_title":"Consultations for companies - The Bridge","og_description":"[vc_row][vc_column][bridge_banner image=&#8221;6370&#8243;] Consultations for companies [\/bridge_banner][\/vc_column][\/vc_row][vc_column][\/vc_column][vc_row el_class=&#8221;more_contact_wrap&#8221;][vc_column width=&#8221;1\/6&#8243;][\/vc_column][vc_column width=&#8221;2\/3&#8243;][vc_empty_space][vc_column_text] The Bridge English language centre&nbsp;specializes in English language courses. Specializing allows us to focus more on ongoing training and professional development for teachers, maintaining a quality library and the provision of quality English lessons. Mgr. Klaudia Bedn\u00e1rov\u00e1, Director, explains that the The Bridge English Language Centre &hellip; Continued","og_url":"https:\/\/thebridge.sk\/en\/consultations-for-companies\/","og_site_name":"The Bridge","article_modified_time":"2018-08-15T10:25:32+00:00","og_image":[{"url":"http:\/\/thebridge.test\/wp-content\/uploads\/2018\/04\/Picture2.png","type":"","width":"","height":""}],"twitter_card":"summary_large_image","twitter_misc":{"Est. reading time":"2 minutes"},"schema":{"@context":"https:\/\/schema.org","@graph":[{"@type":"WebPage","@id":"https:\/\/thebridge.sk\/en\/consultations-for-companies\/","url":"https:\/\/thebridge.sk\/en\/consultations-for-companies\/","name":"Consultations for companies - The Bridge","isPartOf":{"@id":"https:\/\/thebridge.sk\/#website"},"primaryImageOfPage":{"@id":"https:\/\/thebridge.sk\/en\/consultations-for-companies\/#primaryimage"},"image":{"@id":"https:\/\/thebridge.sk\/en\/consultations-for-companies\/#primaryimage"},"thumbnailUrl":"http:\/\/thebridge.test\/wp-content\/uploads\/2018\/04\/Picture2.png","datePublished":"2018-04-23T13:58:56+00:00","dateModified":"2018-08-15T10:25:32+00:00","breadcrumb":{"@id":"https:\/\/thebridge.sk\/en\/consultations-for-companies\/#breadcrumb"},"inLanguage":"en-US","potentialAction":[{"@type":"ReadAction","target":["https:\/\/thebridge.sk\/en\/consultations-for-companies\/"]}]},{"@type":"ImageObject","inLanguage":"en-US","@id":"https:\/\/thebridge.sk\/en\/consultations-for-companies\/#primaryimage","url":"http:\/\/thebridge.test\/wp-content\/uploads\/2018\/04\/Picture2.png","contentUrl":"http:\/\/thebridge.test\/wp-content\/uploads\/2018\/04\/Picture2.png"},{"@type":"BreadcrumbList","@id":"https:\/\/thebridge.sk\/en\/consultations-for-companies\/#breadcrumb","itemListElement":[{"@type":"ListItem","position":1,"name":"The Bridge","item":"https:\/\/thebridge.sk\/en\/"},{"@type":"ListItem","position":2,"name":"Consultations for companies"}]},{"@type":"WebSite","@id":"https:\/\/thebridge.sk\/#website","url":"https:\/\/thebridge.sk\/","name":"The Bridge","description":"","publisher":{"@id":"https:\/\/thebridge.sk\/#organization"},"potentialAction":[{"@type":"SearchAction","target":{"@type":"EntryPoint","urlTemplate":"https:\/\/thebridge.sk\/?s={search_term_string}"},"query-input":{"@type":"PropertyValueSpecification","valueRequired":true,"valueName":"search_term_string"}}],"inLanguage":"en-US"},{"@type":"Organization","@id":"https:\/\/thebridge.sk\/#organization","name":"the Bridge","url":"https:\/\/thebridge.sk\/","logo":{"@type":"ImageObject","inLanguage":"en-US","@id":"https:\/\/thebridge.sk\/#\/schema\/logo\/image\/","url":"https:\/\/thebridge.sk\/wp-content\/uploads\/2022\/09\/91983323_3231649653512263_3585232510205820928_n.png","contentUrl":"https:\/\/thebridge.sk\/wp-content\/uploads\/2022\/09\/91983323_3231649653512263_3585232510205820928_n.png","width":800,"height":800,"caption":"the Bridge"},"image":{"@id":"https:\/\/thebridge.sk\/#\/schema\/logo\/image\/"}}]}},"_links":{"self":[{"href":"https:\/\/thebridge.sk\/en\/wp-json\/wp\/v2\/pages\/6891","targetHints":{"allow":["GET"]}}],"collection":[{"href":"https:\/\/thebridge.sk\/en\/wp-json\/wp\/v2\/pages"}],"about":[{"href":"https:\/\/thebridge.sk\/en\/wp-json\/wp\/v2\/types\/page"}],"author":[{"embeddable":true,"href":"https:\/\/thebridge.sk\/en\/wp-json\/wp\/v2\/users\/8"}],"replies":[{"embeddable":true,"href":"https:\/\/thebridge.sk\/en\/wp-json\/wp\/v2\/comments?post=6891"}],"version-history":[{"count":0,"href":"https:\/\/thebridge.sk\/en\/wp-json\/wp\/v2\/pages\/6891\/revisions"}],"wp:attachment":[{"href":"https:\/\/thebridge.sk\/en\/wp-json\/wp\/v2\/media?parent=6891"}],"curies":[{"name":"wp","href":"https:\/\/api.w.org\/{rel}","templated":true}]}}