
{"id":11060,"date":"2020-07-06T22:21:10","date_gmt":"2020-07-06T20:21:10","guid":{"rendered":"https:\/\/thebridge.sk\/services\/"},"modified":"2024-02-05T21:16:31","modified_gmt":"2024-02-05T20:16:31","slug":"services","status":"publish","type":"page","link":"https:\/\/thebridge.sk\/en\/services\/","title":{"rendered":"Services"},"content":{"rendered":"<h2 class=\"has-text-align-center wp-block-heading\">Dr\u017ete krok so vzdel\u00e1van\u00edm vo va\u0161ej firme a sledujte pokroky zamestnancov<\/h2><div style=\"height:100px\" aria-hidden=\"true\" class=\"wp-block-spacer\"><\/div><p><strong>K\u013e\u00fa\u010dov\u00e9 n\u00e1stroje na kontrolu kvality jazykovej v\u00fdu\u010dby<\/strong><\/p><ul class=\"wp-block-list\"><li>Account mana\u017e\u00e9r<\/li><li>Online administra\u010dn\u00fd syst\u00e9m MyCat s nepretr\u017eitou z\u00e1kazn\u00edckou podporou<\/li><li>Online testovanie na za\u010diatku v\u00fdu\u010dby i op\u00e4tovne za \u00fa\u010delom merania progresu \u0161tudentov (<a href=\"http:\/\/www.tracktest.eu\">www.tracktest.eu<\/a>)<\/li><li>Podrobn\u00e1 anal\u00fdza potrieb \u0161tudentov a n\u00e1sledn\u00e9 nastavenie \u0161tudijn\u00e9ho pl\u00e1nu na z\u00e1klade cie\u013eov \u0161tudenta aj zamestn\u00e1vate\u013ea<\/li><li>Monitoring v\u00fdu\u010dby a priebe\u017en\u00e1 kontrola doch\u00e1dzky \u0161tudentov, ktor\u00e9 s\u00fa naviazan\u00e9 na hodnotenie lektorov<\/li><\/ul><div style=\"height:100px\" aria-hidden=\"true\" class=\"wp-block-spacer\"><\/div><h2 class=\"has-text-align-center wp-block-heading\">Courses Crafted in Partnership with the Best<\/h2><div class=\"wp-block-columns is-layout-flex wp-container-core-columns-is-layout-9d6595d7 wp-block-columns-is-layout-flex\"><div class=\"wp-block-column is-vertically-aligned-center is-layout-flow wp-block-column-is-layout-flow\"><div class=\"wp-block-image\"><figure class=\"alignright size-large\"><img decoding=\"async\" width=\"236\" height=\"91\" src=\"https:\/\/thebridge.sk\/wp-content\/uploads\/2020\/08\/cambridge-assessment.jpg\" alt=\"\" class=\"wp-image-9515\"\/><\/figure><\/div><\/div>\n\n<div class=\"wp-block-column is-vertically-aligned-center is-layout-flow wp-block-column-is-layout-flow\"><div class=\"wp-block-image\"><figure class=\"aligncenter size-thumbnail\"><img decoding=\"async\" width=\"150\" height=\"150\" src=\"https:\/\/thebridge.sk\/wp-content\/uploads\/2020\/08\/bridge_tracktest-150x150.jpg\" alt=\"\" class=\"wp-image-9478\" srcset=\"https:\/\/thebridge.sk\/wp-content\/uploads\/2020\/08\/bridge_tracktest-150x150.jpg 150w, https:\/\/thebridge.sk\/wp-content\/uploads\/2020\/08\/bridge_tracktest-300x300.jpg 300w, https:\/\/thebridge.sk\/wp-content\/uploads\/2020\/08\/bridge_tracktest-1024x1024.jpg 1024w, https:\/\/thebridge.sk\/wp-content\/uploads\/2020\/08\/bridge_tracktest-768x768.jpg 768w, https:\/\/thebridge.sk\/wp-content\/uploads\/2020\/08\/bridge_tracktest-1536x1536.jpg 1536w, https:\/\/thebridge.sk\/wp-content\/uploads\/2020\/08\/bridge_tracktest-2048x2048.jpg 2048w, https:\/\/thebridge.sk\/wp-content\/uploads\/2020\/08\/bridge_tracktest-600x600.jpg 600w, https:\/\/thebridge.sk\/wp-content\/uploads\/2020\/08\/bridge_tracktest-100x100.jpg 100w\" sizes=\"(max-width: 150px) 100vw, 150px\" \/><\/figure><\/div><\/div>\n\n<div class=\"wp-block-column is-vertically-aligned-center is-layout-flow wp-block-column-is-layout-flow\"><div class=\"wp-block-image\"><figure class=\"alignleft size-large\"><img decoding=\"async\" width=\"543\" height=\"264\" src=\"https:\/\/thebridge.sk\/wp-content\/uploads\/2020\/08\/eaquals_associate.png\" alt=\"\" class=\"wp-image-9553\" srcset=\"https:\/\/thebridge.sk\/wp-content\/uploads\/2020\/08\/eaquals_associate.png 543w, https:\/\/thebridge.sk\/wp-content\/uploads\/2020\/08\/eaquals_associate-300x146.png 300w, https:\/\/thebridge.sk\/wp-content\/uploads\/2020\/08\/eaquals_associate-480x233.png 480w\" sizes=\"(max-width: 543px) 100vw, 543px\" \/><\/figure><\/div>\n\n<p><\/p><\/div><\/div>","protected":false},"excerpt":{"rendered":"<p>Dr\u017ete krok so vzdel\u00e1van\u00edm vo va\u0161ej firme a sledujte pokroky zamestnancov K\u013e\u00fa\u010dov\u00e9 n\u00e1stroje na kontrolu kvality jazykovej v\u00fdu\u010dby Account mana\u017e\u00e9r Online administra\u010dn\u00fd syst\u00e9m MyCat s nepretr\u017eitou z\u00e1kazn\u00edckou podporou Online testovanie na za\u010diatku v\u00fdu\u010dby i op\u00e4tovne za \u00fa\u010delom merania progresu \u0161tudentov (www.tracktest.eu) Podrobn\u00e1 anal\u00fdza potrieb \u0161tudentov a n\u00e1sledn\u00e9 nastavenie \u0161tudijn\u00e9ho pl\u00e1nu na z\u00e1klade cie\u013eov \u0161tudenta aj &hellip; <a href=\"https:\/\/thebridge.sk\/en\/services\/\">Continued<\/a><\/p>\n","protected":false},"author":8,"featured_media":9454,"parent":0,"menu_order":0,"comment_status":"closed","ping_status":"closed","template":"templates\/sluzby.php","meta":{"_acf_changed":false,"inline_featured_image":false,"footnotes":""},"class_list":["post-11060","page","type-page","status-publish","has-post-thumbnail","hentry"],"acf":[],"yoast_head":"<!-- This site is optimized with the Yoast SEO plugin v27.2 - https:\/\/yoast.com\/product\/yoast-seo-wordpress\/ -->\n<title>Services - The Bridge<\/title>\n<meta name=\"robots\" content=\"index, follow, max-snippet:-1, max-image-preview:large, max-video-preview:-1\" \/>\n<link rel=\"canonical\" href=\"https:\/\/thebridge.sk\/en\/services\/\" \/>\n<meta property=\"og:locale\" content=\"en_US\" \/>\n<meta property=\"og:type\" content=\"article\" \/>\n<meta property=\"og:title\" content=\"Services - The Bridge\" \/>\n<meta property=\"og:description\" content=\"Dr\u017ete krok so vzdel\u00e1van\u00edm vo va\u0161ej firme a sledujte pokroky zamestnancov K\u013e\u00fa\u010dov\u00e9 n\u00e1stroje na kontrolu kvality jazykovej v\u00fdu\u010dby Account mana\u017e\u00e9r Online administra\u010dn\u00fd syst\u00e9m MyCat s nepretr\u017eitou z\u00e1kazn\u00edckou podporou Online testovanie na za\u010diatku v\u00fdu\u010dby i op\u00e4tovne za \u00fa\u010delom merania progresu \u0161tudentov (www.tracktest.eu) Podrobn\u00e1 anal\u00fdza potrieb \u0161tudentov a n\u00e1sledn\u00e9 nastavenie \u0161tudijn\u00e9ho pl\u00e1nu na z\u00e1klade cie\u013eov \u0161tudenta aj &hellip; Continued\" \/>\n<meta property=\"og:url\" content=\"https:\/\/thebridge.sk\/en\/services\/\" \/>\n<meta property=\"og:site_name\" content=\"The Bridge\" \/>\n<meta property=\"article:modified_time\" content=\"2024-02-05T20:16:31+00:00\" \/>\n<meta name=\"twitter:card\" content=\"summary_large_image\" \/>\n<meta name=\"twitter:label1\" content=\"Est. reading time\" \/>\n\t<meta name=\"twitter:data1\" content=\"1 minute\" \/>\n<script type=\"application\/ld+json\" class=\"yoast-schema-graph\">{\"@context\":\"https:\/\/schema.org\",\"@graph\":[{\"@type\":\"WebPage\",\"@id\":\"https:\/\/thebridge.sk\/en\/services\/\",\"url\":\"https:\/\/thebridge.sk\/en\/services\/\",\"name\":\"Services - The Bridge\",\"isPartOf\":{\"@id\":\"https:\/\/thebridge.sk\/#website\"},\"primaryImageOfPage\":{\"@id\":\"https:\/\/thebridge.sk\/en\/services\/#primaryimage\"},\"image\":{\"@id\":\"https:\/\/thebridge.sk\/en\/services\/#primaryimage\"},\"thumbnailUrl\":\"https:\/\/thebridge.sk\/wp-content\/uploads\/2020\/08\/ill-sluzby.svg\",\"datePublished\":\"2020-07-06T20:21:10+00:00\",\"dateModified\":\"2024-02-05T20:16:31+00:00\",\"breadcrumb\":{\"@id\":\"https:\/\/thebridge.sk\/en\/services\/#breadcrumb\"},\"inLanguage\":\"en-US\",\"potentialAction\":[{\"@type\":\"ReadAction\",\"target\":[\"https:\/\/thebridge.sk\/en\/services\/\"]}]},{\"@type\":\"ImageObject\",\"inLanguage\":\"en-US\",\"@id\":\"https:\/\/thebridge.sk\/en\/services\/#primaryimage\",\"url\":\"https:\/\/thebridge.sk\/wp-content\/uploads\/2020\/08\/ill-sluzby.svg\",\"contentUrl\":\"https:\/\/thebridge.sk\/wp-content\/uploads\/2020\/08\/ill-sluzby.svg\",\"width\":480,\"height\":380,\"caption\":\"Sluzby\"},{\"@type\":\"BreadcrumbList\",\"@id\":\"https:\/\/thebridge.sk\/en\/services\/#breadcrumb\",\"itemListElement\":[{\"@type\":\"ListItem\",\"position\":1,\"name\":\"The Bridge\",\"item\":\"https:\/\/thebridge.sk\/en\/\"},{\"@type\":\"ListItem\",\"position\":2,\"name\":\"Services\"}]},{\"@type\":\"WebSite\",\"@id\":\"https:\/\/thebridge.sk\/#website\",\"url\":\"https:\/\/thebridge.sk\/\",\"name\":\"The Bridge\",\"description\":\"\",\"publisher\":{\"@id\":\"https:\/\/thebridge.sk\/#organization\"},\"potentialAction\":[{\"@type\":\"SearchAction\",\"target\":{\"@type\":\"EntryPoint\",\"urlTemplate\":\"https:\/\/thebridge.sk\/?s={search_term_string}\"},\"query-input\":{\"@type\":\"PropertyValueSpecification\",\"valueRequired\":true,\"valueName\":\"search_term_string\"}}],\"inLanguage\":\"en-US\"},{\"@type\":\"Organization\",\"@id\":\"https:\/\/thebridge.sk\/#organization\",\"name\":\"the Bridge\",\"url\":\"https:\/\/thebridge.sk\/\",\"logo\":{\"@type\":\"ImageObject\",\"inLanguage\":\"en-US\",\"@id\":\"https:\/\/thebridge.sk\/#\/schema\/logo\/image\/\",\"url\":\"https:\/\/thebridge.sk\/wp-content\/uploads\/2022\/09\/91983323_3231649653512263_3585232510205820928_n.png\",\"contentUrl\":\"https:\/\/thebridge.sk\/wp-content\/uploads\/2022\/09\/91983323_3231649653512263_3585232510205820928_n.png\",\"width\":800,\"height\":800,\"caption\":\"the Bridge\"},\"image\":{\"@id\":\"https:\/\/thebridge.sk\/#\/schema\/logo\/image\/\"}}]}<\/script>\n<!-- \/ Yoast SEO plugin. -->","yoast_head_json":{"title":"Services - The Bridge","robots":{"index":"index","follow":"follow","max-snippet":"max-snippet:-1","max-image-preview":"max-image-preview:large","max-video-preview":"max-video-preview:-1"},"canonical":"https:\/\/thebridge.sk\/en\/services\/","og_locale":"en_US","og_type":"article","og_title":"Services - The Bridge","og_description":"Dr\u017ete krok so vzdel\u00e1van\u00edm vo va\u0161ej firme a sledujte pokroky zamestnancov K\u013e\u00fa\u010dov\u00e9 n\u00e1stroje na kontrolu kvality jazykovej v\u00fdu\u010dby Account mana\u017e\u00e9r Online administra\u010dn\u00fd syst\u00e9m MyCat s nepretr\u017eitou z\u00e1kazn\u00edckou podporou Online testovanie na za\u010diatku v\u00fdu\u010dby i op\u00e4tovne za \u00fa\u010delom merania progresu \u0161tudentov (www.tracktest.eu) Podrobn\u00e1 anal\u00fdza potrieb \u0161tudentov a n\u00e1sledn\u00e9 nastavenie \u0161tudijn\u00e9ho pl\u00e1nu na z\u00e1klade cie\u013eov \u0161tudenta aj &hellip; Continued","og_url":"https:\/\/thebridge.sk\/en\/services\/","og_site_name":"The Bridge","article_modified_time":"2024-02-05T20:16:31+00:00","twitter_card":"summary_large_image","twitter_misc":{"Est. reading time":"1 minute"},"schema":{"@context":"https:\/\/schema.org","@graph":[{"@type":"WebPage","@id":"https:\/\/thebridge.sk\/en\/services\/","url":"https:\/\/thebridge.sk\/en\/services\/","name":"Services - The Bridge","isPartOf":{"@id":"https:\/\/thebridge.sk\/#website"},"primaryImageOfPage":{"@id":"https:\/\/thebridge.sk\/en\/services\/#primaryimage"},"image":{"@id":"https:\/\/thebridge.sk\/en\/services\/#primaryimage"},"thumbnailUrl":"https:\/\/thebridge.sk\/wp-content\/uploads\/2020\/08\/ill-sluzby.svg","datePublished":"2020-07-06T20:21:10+00:00","dateModified":"2024-02-05T20:16:31+00:00","breadcrumb":{"@id":"https:\/\/thebridge.sk\/en\/services\/#breadcrumb"},"inLanguage":"en-US","potentialAction":[{"@type":"ReadAction","target":["https:\/\/thebridge.sk\/en\/services\/"]}]},{"@type":"ImageObject","inLanguage":"en-US","@id":"https:\/\/thebridge.sk\/en\/services\/#primaryimage","url":"https:\/\/thebridge.sk\/wp-content\/uploads\/2020\/08\/ill-sluzby.svg","contentUrl":"https:\/\/thebridge.sk\/wp-content\/uploads\/2020\/08\/ill-sluzby.svg","width":480,"height":380,"caption":"Sluzby"},{"@type":"BreadcrumbList","@id":"https:\/\/thebridge.sk\/en\/services\/#breadcrumb","itemListElement":[{"@type":"ListItem","position":1,"name":"The Bridge","item":"https:\/\/thebridge.sk\/en\/"},{"@type":"ListItem","position":2,"name":"Services"}]},{"@type":"WebSite","@id":"https:\/\/thebridge.sk\/#website","url":"https:\/\/thebridge.sk\/","name":"The Bridge","description":"","publisher":{"@id":"https:\/\/thebridge.sk\/#organization"},"potentialAction":[{"@type":"SearchAction","target":{"@type":"EntryPoint","urlTemplate":"https:\/\/thebridge.sk\/?s={search_term_string}"},"query-input":{"@type":"PropertyValueSpecification","valueRequired":true,"valueName":"search_term_string"}}],"inLanguage":"en-US"},{"@type":"Organization","@id":"https:\/\/thebridge.sk\/#organization","name":"the Bridge","url":"https:\/\/thebridge.sk\/","logo":{"@type":"ImageObject","inLanguage":"en-US","@id":"https:\/\/thebridge.sk\/#\/schema\/logo\/image\/","url":"https:\/\/thebridge.sk\/wp-content\/uploads\/2022\/09\/91983323_3231649653512263_3585232510205820928_n.png","contentUrl":"https:\/\/thebridge.sk\/wp-content\/uploads\/2022\/09\/91983323_3231649653512263_3585232510205820928_n.png","width":800,"height":800,"caption":"the Bridge"},"image":{"@id":"https:\/\/thebridge.sk\/#\/schema\/logo\/image\/"}}]}},"_links":{"self":[{"href":"https:\/\/thebridge.sk\/en\/wp-json\/wp\/v2\/pages\/11060","targetHints":{"allow":["GET"]}}],"collection":[{"href":"https:\/\/thebridge.sk\/en\/wp-json\/wp\/v2\/pages"}],"about":[{"href":"https:\/\/thebridge.sk\/en\/wp-json\/wp\/v2\/types\/page"}],"author":[{"embeddable":true,"href":"https:\/\/thebridge.sk\/en\/wp-json\/wp\/v2\/users\/8"}],"replies":[{"embeddable":true,"href":"https:\/\/thebridge.sk\/en\/wp-json\/wp\/v2\/comments?post=11060"}],"version-history":[{"count":1,"href":"https:\/\/thebridge.sk\/en\/wp-json\/wp\/v2\/pages\/11060\/revisions"}],"predecessor-version":[{"id":21129,"href":"https:\/\/thebridge.sk\/en\/wp-json\/wp\/v2\/pages\/11060\/revisions\/21129"}],"wp:featuredmedia":[{"embeddable":true,"href":"https:\/\/thebridge.sk\/en\/wp-json\/wp\/v2\/media\/9454"}],"wp:attachment":[{"href":"https:\/\/thebridge.sk\/en\/wp-json\/wp\/v2\/media?parent=11060"}],"curies":[{"name":"wp","href":"https:\/\/api.w.org\/{rel}","templated":true}]}}